{"id":3558,"date":"2018-08-09T02:06:13","date_gmt":"2018-08-09T02:06:13","guid":{"rendered":"http:\/\/localhost\/www.educacionycrianza.com\/plat\/?page_id=3558"},"modified":"2019-02-16T03:07:00","modified_gmt":"2019-02-16T03:07:00","slug":"sobre-mi","status":"publish","type":"page","link":"https:\/\/www.educacionycrianza.com\/plat\/index.php\/sobre-mi\/","title":{"rendered":"Sobre m\u00ed"},"content":{"rendered":"<p><img loading=\"lazy\" decoding=\"async\" class=\"alignleft size-medium wp-image-3619\" src=\"http:\/\/www.educacionycrianza.com\/plat\/wp-content\/uploads\/2018\/08\/yo-300x225.jpg\" alt=\"\" width=\"300\" height=\"225\" srcset=\"https:\/\/www.educacionycrianza.com\/plat\/wp-content\/uploads\/2018\/08\/yo-300x225.jpg 300w, https:\/\/www.educacionycrianza.com\/plat\/wp-content\/uploads\/2018\/08\/yo.jpg 640w\" sizes=\"auto, (max-width: 300px) 100vw, 300px\" \/>Mi nombre es Alejandra Sandoval, soy Licenciada y Profesora en Psicopedagog\u00eda.<\/p>\n<p>A partir del nacimiento de mi hija experiment\u00e9 una transformaci\u00f3n a nivel personal y profesional que condujo a un mayor crecimiento y desarrollo que se fue plasmando en todos los \u00e1mbitos de mi vida.<\/p>\n<p>Mientras me preparaba para mi maternidad, llegaron a m\u00ed libros y art\u00edculos que me hicieron reflexionar y analizar temas tales como la crianza, alimentaci\u00f3n, educaci\u00f3n, espiritualidad y salud. Todo lo que iba leyendo fue transformando mi enfoque como madre y como profesional.<\/p>\n<p>Fui creciendo junto a mi familia y tanto es lo que he recibido de ella y de otras bellas personas que fui conociendo que hoy en pleno proceso de evoluci\u00f3n y transformaci\u00f3n puedo brindar a otras personas que lo necesiten un nuevo enfoque acerca de la vida familiar, educativa y social de una manera amorosa y respetuosa.<\/p>\n<p>Y as\u00ed naci\u00f3 este espacio, que me permite llegar a otras familias que sientan que el cambio es posible, que hay nuevas formas de educar con respeto y en libertad pero con los l\u00edmites necesarios para que nuestra vida familiar se halle en equilibrio y armon\u00eda.<img loading=\"lazy\" decoding=\"async\" class=\"alignright wp-image-4404 size-full\" src=\"https:\/\/www.educacionycrianza.com\/plat\/wp-content\/uploads\/2019\/02\/flyer-unico-educacionycrianza-e1550286275384.jpg\" alt=\"\" width=\"400\" height=\"300\" \/><\/p>\n<p>Si te gustar\u00eda acompa\u00f1arme en este desaf\u00edo, pod\u00e9s comunicarte por los distintos medios que a continuaci\u00f3n detallo:<\/p>\n<p>Email: consultas@educacionycrianza.com<\/p>\n<p>Whatsapp: 3544615280<\/p>\n<p>Facebook: Grupo y P\u00e1gina \u201cEducaci\u00f3n Alternativa Argentina\u201d<\/p>\n<p>Gracias!<\/p>\n<p>Un abrazo!<\/p>\n","protected":false},"excerpt":{"rendered":"<p>Mi nombre es Alejandra Sandoval, soy Licenciada y Profesora en Psicopedagog\u00eda. A partir del nacimiento de mi hija experiment\u00e9 una transformaci\u00f3n a nivel personal y profesional que condujo a un mayor crecimiento y desarrollo que se fue plasmando en todos los \u00e1mbitos de mi vida. Mientras me preparaba para mi maternidad, llegaron a m\u00ed libros [&hellip;]<\/p>\n","protected":false},"author":2,"featured_media":0,"parent":0,"menu_order":0,"comment_status":"closed","ping_status":"closed","template":"","meta":{"_joinchat":[],"footnotes":""},"class_list":["post-3558","page","type-page","status-publish","hentry","post"],"_links":{"self":[{"href":"https:\/\/www.educacionycrianza.com\/plat\/index.php\/wp-json\/wp\/v2\/pages\/3558","targetHints":{"allow":["GET"]}}],"collection":[{"href":"https:\/\/www.educacionycrianza.com\/plat\/index.php\/wp-json\/wp\/v2\/pages"}],"about":[{"href":"https:\/\/www.educacionycrianza.com\/plat\/index.php\/wp-json\/wp\/v2\/types\/page"}],"author":[{"embeddable":true,"href":"https:\/\/www.educacionycrianza.com\/plat\/index.php\/wp-json\/wp\/v2\/users\/2"}],"replies":[{"embeddable":true,"href":"https:\/\/www.educacionycrianza.com\/plat\/index.php\/wp-json\/wp\/v2\/comments?post=3558"}],"version-history":[{"count":5,"href":"https:\/\/www.educacionycrianza.com\/plat\/index.php\/wp-json\/wp\/v2\/pages\/3558\/revisions"}],"predecessor-version":[{"id":4409,"href":"https:\/\/www.educacionycrianza.com\/plat\/index.php\/wp-json\/wp\/v2\/pages\/3558\/revisions\/4409"}],"wp:attachment":[{"href":"https:\/\/www.educacionycrianza.com\/plat\/index.php\/wp-json\/wp\/v2\/media?parent=3558"}],"curies":[{"name":"wp","href":"https:\/\/api.w.org\/{rel}","templated":true}]}}