{"id":3560,"date":"2018-08-09T02:07:11","date_gmt":"2018-08-09T02:07:11","guid":{"rendered":"http:\/\/localhost\/www.educacionycrianza.com\/plat\/?page_id=3560"},"modified":"2018-08-22T01:05:20","modified_gmt":"2018-08-22T01:05:20","slug":"educacion-alternativa","status":"publish","type":"page","link":"https:\/\/www.educacionycrianza.com\/plat\/index.php\/educacion-alternativa\/","title":{"rendered":"Educaci\u00f3n Alternativa"},"content":{"rendered":"<ul>\n<li><img loading=\"lazy\" decoding=\"async\" class=\"alignleft size-medium wp-image-3612\" src=\"http:\/\/www.educacionycrianza.com\/plat\/wp-content\/uploads\/2018\/08\/kid-1241817_1920-300x225.jpg\" alt=\"\" width=\"300\" height=\"225\" srcset=\"https:\/\/www.educacionycrianza.com\/plat\/wp-content\/uploads\/2018\/08\/kid-1241817_1920-300x225.jpg 300w, https:\/\/www.educacionycrianza.com\/plat\/wp-content\/uploads\/2018\/08\/kid-1241817_1920-768x576.jpg 768w, https:\/\/www.educacionycrianza.com\/plat\/wp-content\/uploads\/2018\/08\/kid-1241817_1920-1024x767.jpg 1024w, https:\/\/www.educacionycrianza.com\/plat\/wp-content\/uploads\/2018\/08\/kid-1241817_1920.jpg 1920w\" sizes=\"auto, (max-width: 300px) 100vw, 300px\" \/>\u00bfQu\u00e9 es la educaci\u00f3n alternativa?<\/li>\n<\/ul>\n<p>La educaci\u00f3n alternativa se refiere a una propuesta educativa alternativa a la escuela tradicional o formal cuyo enfoque se centra en los intereses y motivaciones del ni\u00f1o. A partir de all\u00ed se brindan una serie de actividades que fomenten la creatividad y la libertad respetando los tiempos y ritmo de aprendizaje de cada ni\u00f1o. El acompa\u00f1amiento del aprendizaje se realiza de forma respetuosa y afectuosa respetando la individualidad de los ni\u00f1os.<\/p>\n<p>Se encuentran bajo esta modalidad la pedagog\u00eda Waldorf, Montessori, Reggio Emilia, Pedagooog\u00eda 3000, Escuelas Libres, Vivas o Activas, Escuelas Bosque, Educaci\u00f3n en casa o Homeschooling, Unschooling, Flexischooling y otros espacios de aprendizaje o comunidades de aprendizaje.<\/p>\n","protected":false},"excerpt":{"rendered":"<p>\u00bfQu\u00e9 es la educaci\u00f3n alternativa? La educaci\u00f3n alternativa se refiere a una propuesta educativa alternativa a la escuela tradicional o formal cuyo enfoque se centra en los intereses y motivaciones del ni\u00f1o. A partir de all\u00ed se brindan una serie de actividades que fomenten la creatividad y la libertad respetando los tiempos y ritmo de [&hellip;]<\/p>\n","protected":false},"author":2,"featured_media":0,"parent":0,"menu_order":0,"comment_status":"closed","ping_status":"closed","template":"","meta":{"_joinchat":[],"footnotes":""},"class_list":["post-3560","page","type-page","status-publish","hentry","post"],"_links":{"self":[{"href":"https:\/\/www.educacionycrianza.com\/plat\/index.php\/wp-json\/wp\/v2\/pages\/3560","targetHints":{"allow":["GET"]}}],"collection":[{"href":"https:\/\/www.educacionycrianza.com\/plat\/index.php\/wp-json\/wp\/v2\/pages"}],"about":[{"href":"https:\/\/www.educacionycrianza.com\/plat\/index.php\/wp-json\/wp\/v2\/types\/page"}],"author":[{"embeddable":true,"href":"https:\/\/www.educacionycrianza.com\/plat\/index.php\/wp-json\/wp\/v2\/users\/2"}],"replies":[{"embeddable":true,"href":"https:\/\/www.educacionycrianza.com\/plat\/index.php\/wp-json\/wp\/v2\/comments?post=3560"}],"version-history":[{"count":2,"href":"https:\/\/www.educacionycrianza.com\/plat\/index.php\/wp-json\/wp\/v2\/pages\/3560\/revisions"}],"predecessor-version":[{"id":3613,"href":"https:\/\/www.educacionycrianza.com\/plat\/index.php\/wp-json\/wp\/v2\/pages\/3560\/revisions\/3613"}],"wp:attachment":[{"href":"https:\/\/www.educacionycrianza.com\/plat\/index.php\/wp-json\/wp\/v2\/media?parent=3560"}],"curies":[{"name":"wp","href":"https:\/\/api.w.org\/{rel}","templated":true}]}}