{"id":3562,"date":"2018-08-09T02:07:53","date_gmt":"2018-08-09T02:07:53","guid":{"rendered":"http:\/\/localhost\/www.educacionycrianza.com\/plat\/?page_id=3562"},"modified":"2018-08-22T01:05:19","modified_gmt":"2018-08-22T01:05:19","slug":"crianza-respetuosa","status":"publish","type":"page","link":"https:\/\/www.educacionycrianza.com\/plat\/index.php\/crianza-respetuosa\/","title":{"rendered":"Crianza respetuosa"},"content":{"rendered":"<ul>\n<li><img loading=\"lazy\" decoding=\"async\" class=\"alignleft wp-image-3608 size-medium\" src=\"http:\/\/www.educacionycrianza.com\/plat\/wp-content\/uploads\/2018\/08\/family-2485714_960_720-300x200.jpg\" alt=\"\" width=\"300\" height=\"200\" srcset=\"https:\/\/www.educacionycrianza.com\/plat\/wp-content\/uploads\/2018\/08\/family-2485714_960_720-300x200.jpg 300w, https:\/\/www.educacionycrianza.com\/plat\/wp-content\/uploads\/2018\/08\/family-2485714_960_720-768x511.jpg 768w, https:\/\/www.educacionycrianza.com\/plat\/wp-content\/uploads\/2018\/08\/family-2485714_960_720-600x400.jpg 600w, https:\/\/www.educacionycrianza.com\/plat\/wp-content\/uploads\/2018\/08\/family-2485714_960_720.jpg 960w\" sizes=\"auto, (max-width: 300px) 100vw, 300px\" \/>\u00bfQu\u00e9 es la crianza respetuosa?<\/li>\n<\/ul>\n<p>La crianza respetuosa o crianza con apego significa esencialmente respetar y atender las emociones y las demandas de los beb\u00e9s de forma afectuosa y emp\u00e1tica. Las caracter\u00edsticas principales o formas de crianza con apego tienen que ver con la lactancia materna a libre demanda, el porteo, el colecho y atender de forma cari\u00f1osa e inmediata a los llantos de los beb\u00e9s. Tambi\u00e9n se relaciona con la importancia del cuidado del embarazo y la salud tanto de la madre como la del beb\u00e9.<\/p>\n","protected":false},"excerpt":{"rendered":"<p>\u00bfQu\u00e9 es la crianza respetuosa? La crianza respetuosa o crianza con apego significa esencialmente respetar y atender las emociones y las demandas de los beb\u00e9s de forma afectuosa y emp\u00e1tica. Las caracter\u00edsticas principales o formas de crianza con apego tienen que ver con la lactancia materna a libre demanda, el porteo, el colecho y atender [&hellip;]<\/p>\n","protected":false},"author":2,"featured_media":3608,"parent":0,"menu_order":0,"comment_status":"closed","ping_status":"closed","template":"","meta":{"_joinchat":[],"footnotes":""},"class_list":["post-3562","page","type-page","status-publish","has-post-thumbnail","hentry","post"],"_links":{"self":[{"href":"https:\/\/www.educacionycrianza.com\/plat\/index.php\/wp-json\/wp\/v2\/pages\/3562","targetHints":{"allow":["GET"]}}],"collection":[{"href":"https:\/\/www.educacionycrianza.com\/plat\/index.php\/wp-json\/wp\/v2\/pages"}],"about":[{"href":"https:\/\/www.educacionycrianza.com\/plat\/index.php\/wp-json\/wp\/v2\/types\/page"}],"author":[{"embeddable":true,"href":"https:\/\/www.educacionycrianza.com\/plat\/index.php\/wp-json\/wp\/v2\/users\/2"}],"replies":[{"embeddable":true,"href":"https:\/\/www.educacionycrianza.com\/plat\/index.php\/wp-json\/wp\/v2\/comments?post=3562"}],"version-history":[{"count":4,"href":"https:\/\/www.educacionycrianza.com\/plat\/index.php\/wp-json\/wp\/v2\/pages\/3562\/revisions"}],"predecessor-version":[{"id":3609,"href":"https:\/\/www.educacionycrianza.com\/plat\/index.php\/wp-json\/wp\/v2\/pages\/3562\/revisions\/3609"}],"wp:featuredmedia":[{"embeddable":true,"href":"https:\/\/www.educacionycrianza.com\/plat\/index.php\/wp-json\/wp\/v2\/media\/3608"}],"wp:attachment":[{"href":"https:\/\/www.educacionycrianza.com\/plat\/index.php\/wp-json\/wp\/v2\/media?parent=3562"}],"curies":[{"name":"wp","href":"https:\/\/api.w.org\/{rel}","templated":true}]}}